{"id":39,"date":"2025-02-17T15:28:16","date_gmt":"2025-02-17T15:28:16","guid":{"rendered":"https:\/\/blog.chliniwaelt.ch\/?page_id=39"},"modified":"2025-03-17T09:22:58","modified_gmt":"2025-03-17T09:22:58","slug":"ueber-uns","status":"publish","type":"page","link":"https:\/\/blog.chliniwaelt.ch\/?page_id=39","title":{"rendered":"\u00dcber Mich"},"content":{"rendered":"\n<div class=\"wp-block-group alignfull is-style-default has-global-padding is-layout-constrained wp-container-core-group-is-layout-cdf985e3 wp-block-group-is-layout-constrained\" style=\"min-height:100vh;margin-top:0;margin-bottom:0;padding-top:var(--wp--preset--spacing--80);padding-right:var(--wp--preset--spacing--80);padding-bottom:var(--wp--preset--spacing--80);padding-left:var(--wp--preset--spacing--80)\">\n<div class=\"wp-block-columns alignwide are-vertically-aligned-center is-layout-flex wp-container-core-columns-is-layout-643ced6b wp-block-columns-is-layout-flex\">\n<div class=\"wp-block-column is-vertically-aligned-center is-layout-flow wp-block-column-is-layout-flow\">\n<figure class=\"wp-block-image aligncenter size-full is-resized has-custom-border\"><img loading=\"lazy\" decoding=\"async\" width=\"1809\" height=\"2560\" src=\"https:\/\/blog.chliniwaelt.ch\/wp-content\/uploads\/2025\/02\/AngelicaDiCerboNEU-1-von-3-scaled.jpg\" alt=\"\" class=\"wp-image-43\" style=\"border-top-left-radius:150px;border-bottom-right-radius:150px;object-fit:cover;width:501px;height:auto\" srcset=\"https:\/\/blog.chliniwaelt.ch\/wp-content\/uploads\/2025\/02\/AngelicaDiCerboNEU-1-von-3-scaled.jpg 1809w, https:\/\/blog.chliniwaelt.ch\/wp-content\/uploads\/2025\/02\/AngelicaDiCerboNEU-1-von-3-212x300.jpg 212w, https:\/\/blog.chliniwaelt.ch\/wp-content\/uploads\/2025\/02\/AngelicaDiCerboNEU-1-von-3-723x1024.jpg 723w, https:\/\/blog.chliniwaelt.ch\/wp-content\/uploads\/2025\/02\/AngelicaDiCerboNEU-1-von-3-768x1087.jpg 768w, https:\/\/blog.chliniwaelt.ch\/wp-content\/uploads\/2025\/02\/AngelicaDiCerboNEU-1-von-3-1085x1536.jpg 1085w, https:\/\/blog.chliniwaelt.ch\/wp-content\/uploads\/2025\/02\/AngelicaDiCerboNEU-1-von-3-1447x2048.jpg 1447w\" sizes=\"auto, (max-width: 1809px) 100vw, 1809px\" \/><\/figure>\n<\/div>\n\n\n\n<div class=\"wp-block-column is-vertically-aligned-center is-layout-flow wp-block-column-is-layout-flow\">\n<div class=\"wp-block-group is-vertical is-content-justification-stretch is-layout-flex wp-container-core-group-is-layout-353c4f5a wp-block-group-is-layout-flex\">\n<h2 class=\"wp-block-heading has-text-align-left\">Angelica Di Cerbo<\/h2>\n\n\n\n<p>Ich bin Angelica.<\/p>\n\n\n\n<p>Mit langj\u00e4hriger Erfahrung in der Kinderbetreuungsbranche und als p\u00e4dagogische Leitung von der Tagesfamilie Chlini W\u00e4lt begleite ich kleine Kinder in Ihrem Entwicklungsprozess. Dies ist f\u00fcr mich nicht nur ein Job, sondern eine Herzensangelegenheit!<br>Nachdem ich mein Sozial-Diplom in Italien absolviert habe, bin ich im Jahr 2012 in die Schweiz gezogen und habe, nach mehreren Jahren Berufserfahrung im Jahr 2017 mein Diplom als Fachfrau Betreuung Kind EFZ anerkennen lassen.<\/p>\n\n\n\n<p>Ich bin verheiratet und habe einen 5-j\u00e4hrigen Jungen.<\/p>\n\n\n\n<p>In diesem Blog werde ich \u00fcber meine eigenen Erfahrungen, Erlebnisse und mein Fachwissen als Fachfrau Betreuung Kind schreiben \u2013 sei es in der Kita, in meiner heutigen Tagesfamilie oder als Mami.<\/p>\n\n\n\n<p>Ich hoffe, ich kann euch ein bisschen inspirieren und euch Mut machen, etwas Neues auszuprobieren.<\/p>\n\n\n\n<p>Viel Spass beim Lesen! \ud83d\ude0a<\/p>\n\n\n\n<ul class=\"wp-block-social-links has-icon-color is-style-logos-only is-layout-flex wp-block-social-links-is-layout-flex\"><li style=\"color:currentColor;\" class=\"wp-social-link wp-social-link-instagram has-currentColor-color wp-block-social-link\"><a href=\"https:\/\/www.instagram.com\/chliniwaeltgmbh\/\" class=\"wp-block-social-link-anchor\"><svg width=\"24\" height=\"24\" viewBox=\"0 0 24 24\" version=\"1.1\" xmlns=\"http:\/\/www.w3.org\/2000\/svg\" aria-hidden=\"true\" focusable=\"false\"><path d=\"M12,4.622c2.403,0,2.688,0.009,3.637,0.052c0.877,0.04,1.354,0.187,1.671,0.31c0.42,0.163,0.72,0.358,1.035,0.673 c0.315,0.315,0.51,0.615,0.673,1.035c0.123,0.317,0.27,0.794,0.31,1.671c0.043,0.949,0.052,1.234,0.052,3.637 s-0.009,2.688-0.052,3.637c-0.04,0.877-0.187,1.354-0.31,1.671c-0.163,0.42-0.358,0.72-0.673,1.035 c-0.315,0.315-0.615,0.51-1.035,0.673c-0.317,0.123-0.794,0.27-1.671,0.31c-0.949,0.043-1.233,0.052-3.637,0.052 s-2.688-0.009-3.637-0.052c-0.877-0.04-1.354-0.187-1.671-0.31c-0.42-0.163-0.72-0.358-1.035-0.673 c-0.315-0.315-0.51-0.615-0.673-1.035c-0.123-0.317-0.27-0.794-0.31-1.671C4.631,14.688,4.622,14.403,4.622,12 s0.009-2.688,0.052-3.637c0.04-0.877,0.187-1.354,0.31-1.671c0.163-0.42,0.358-0.72,0.673-1.035 c0.315-0.315,0.615-0.51,1.035-0.673c0.317-0.123,0.794-0.27,1.671-0.31C9.312,4.631,9.597,4.622,12,4.622 M12,3 C9.556,3,9.249,3.01,8.289,3.054C7.331,3.098,6.677,3.25,6.105,3.472C5.513,3.702,5.011,4.01,4.511,4.511 c-0.5,0.5-0.808,1.002-1.038,1.594C3.25,6.677,3.098,7.331,3.054,8.289C3.01,9.249,3,9.556,3,12c0,2.444,0.01,2.751,0.054,3.711 c0.044,0.958,0.196,1.612,0.418,2.185c0.23,0.592,0.538,1.094,1.038,1.594c0.5,0.5,1.002,0.808,1.594,1.038 c0.572,0.222,1.227,0.375,2.185,0.418C9.249,20.99,9.556,21,12,21s2.751-0.01,3.711-0.054c0.958-0.044,1.612-0.196,2.185-0.418 c0.592-0.23,1.094-0.538,1.594-1.038c0.5-0.5,0.808-1.002,1.038-1.594c0.222-0.572,0.375-1.227,0.418-2.185 C20.99,14.751,21,14.444,21,12s-0.01-2.751-0.054-3.711c-0.044-0.958-0.196-1.612-0.418-2.185c-0.23-0.592-0.538-1.094-1.038-1.594 c-0.5-0.5-1.002-0.808-1.594-1.038c-0.572-0.222-1.227-0.375-2.185-0.418C14.751,3.01,14.444,3,12,3L12,3z M12,7.378 c-2.552,0-4.622,2.069-4.622,4.622S9.448,16.622,12,16.622s4.622-2.069,4.622-4.622S14.552,7.378,12,7.378z M12,15 c-1.657,0-3-1.343-3-3s1.343-3,3-3s3,1.343,3,3S13.657,15,12,15z M16.804,6.116c-0.596,0-1.08,0.484-1.08,1.08 s0.484,1.08,1.08,1.08c0.596,0,1.08-0.484,1.08-1.08S17.401,6.116,16.804,6.116z\"><\/path><\/svg><span class=\"wp-block-social-link-label screen-reader-text\">Instagram<\/span><\/a><\/li><\/ul>\n<\/div>\n<\/div>\n<\/div>\n<\/div>\n","protected":false},"excerpt":{"rendered":"<p>Angelica Di Cerbo Ich bin Angelica. Mit langj\u00e4hriger Erfahrung in der Kinderbetreuungsbranche und als p\u00e4dagogische Leitung von der Tagesfamilie Chlini W\u00e4lt begleite ich kleine Kinder in Ihrem Entwicklungsprozess. Dies ist f\u00fcr mich nicht nur ein Job, sondern eine Herzensangelegenheit!Nachdem ich mein Sozial-Diplom in Italien absolviert habe, bin ich im Jahr 2012 in die Schweiz gezogen [&hellip;]<\/p>\n","protected":false},"author":1,"featured_media":0,"parent":0,"menu_order":0,"comment_status":"closed","ping_status":"closed","template":"","meta":{"footnotes":""},"class_list":["post-39","page","type-page","status-publish","hentry"],"_links":{"self":[{"href":"https:\/\/blog.chliniwaelt.ch\/index.php?rest_route=\/wp\/v2\/pages\/39","targetHints":{"allow":["GET"]}}],"collection":[{"href":"https:\/\/blog.chliniwaelt.ch\/index.php?rest_route=\/wp\/v2\/pages"}],"about":[{"href":"https:\/\/blog.chliniwaelt.ch\/index.php?rest_route=\/wp\/v2\/types\/page"}],"author":[{"embeddable":true,"href":"https:\/\/blog.chliniwaelt.ch\/index.php?rest_route=\/wp\/v2\/users\/1"}],"replies":[{"embeddable":true,"href":"https:\/\/blog.chliniwaelt.ch\/index.php?rest_route=%2Fwp%2Fv2%2Fcomments&post=39"}],"version-history":[{"count":8,"href":"https:\/\/blog.chliniwaelt.ch\/index.php?rest_route=\/wp\/v2\/pages\/39\/revisions"}],"predecessor-version":[{"id":89,"href":"https:\/\/blog.chliniwaelt.ch\/index.php?rest_route=\/wp\/v2\/pages\/39\/revisions\/89"}],"wp:attachment":[{"href":"https:\/\/blog.chliniwaelt.ch\/index.php?rest_route=%2Fwp%2Fv2%2Fmedia&parent=39"}],"curies":[{"name":"wp","href":"https:\/\/api.w.org\/{rel}","templated":true}]}}